{"id":2783,"date":"2025-09-09T13:16:41","date_gmt":"2025-09-09T19:16:41","guid":{"rendered":"https:\/\/www.mbteach.org\/mtscms\/?page_id=2783"},"modified":"2025-09-09T13:16:42","modified_gmt":"2025-09-09T19:16:42","slug":"les-lignes-directrices-pour-la-communaute-des-reseaux-sociaux-mts","status":"publish","type":"page","link":"https:\/\/www.mbteach.org\/mtscms\/index.php\/les-lignes-directrices-pour-la-communaute-des-reseaux-sociaux-mts\/","title":{"rendered":"Les lignes directrices pour la communaut\u00e9 des r\u00e9seaux sociaux MTS"},"content":{"rendered":"\n<p>Veuillez noter les principes suivants concernant la participation :<\/p>\n\n\n\n<ol class=\"wp-block-list\">\n<li><strong>Conduite respectueuse<\/strong><\/li>\n<\/ol>\n\n\n\n<p>Les membres de la MTS respectent un Code de d\u00e9ontologie dans leurs communications avec l\u2019organisation et entre eux. Nous attendons le m\u00eame respect de la part de tous ceux qui interagissent avec nos publications, qu&#8217;ils soient membres ou non.<\/p>\n\n\n\n<ol start=\"2\" class=\"wp-block-list\">\n<li><strong>V\u00e9rification des commentaires<\/strong><\/li>\n<\/ol>\n\n\n\n<p>Nous supprimerons tous les commentaires insultants, offensants, mena\u00e7ants, toxiques, abusifs ou irrespectueux.<\/p>\n\n\n\n<ol start=\"3\" class=\"wp-block-list\">\n<li><strong>Absence de notification de suppression<\/strong><\/li>\n<\/ol>\n\n\n\n<p>Nous n&#8217;informons pas les utilisateurs de la suppression de commentaires ou du blocage de comptes.<\/p>\n\n\n\n<ol start=\"4\" class=\"wp-block-list\">\n<li><strong>Pas de modifications partielles<\/strong><\/li>\n<\/ol>\n\n\n\n<p>Par souci de respect du temps et de la charge de travail de notre \u00e9quipe, nous ne modifions pas les commentaires. Si une partie d&#8217;un commentaire enfreint nos r\u00e8gles, il sera supprim\u00e9 dans son int\u00e9gralit\u00e9.<\/p>\n\n\n\n<ol start=\"5\" class=\"wp-block-list\">\n<li><strong>Tol\u00e9rance z\u00e9ro \u00e0 la haine<\/strong><\/li>\n<\/ol>\n\n\n\n<p>Les attaques personnelles, les discours haineux ou les commentaires d\u00e9sobligeants fond\u00e9s sur la race, l&#8217;origine ethnique, les croyances, l&#8217;origine nationale, la citoyennet\u00e9, la religion, le sexe, le genre, l&#8217;orientation sexuelle, l&#8217;identit\u00e9 de genre, la transphobie, le handicap, l&#8217;\u00e9tat civil, l&#8217;\u00e2ge ou toute autre caract\u00e9ristiques prot\u00e9g\u00e9es, ne seront pas tol\u00e9r\u00e9s.<\/p>\n\n\n\n<ol start=\"6\" class=\"wp-block-list\">\n<li><strong>Contenu interdit<\/strong><\/li>\n<\/ol>\n\n\n\n<p>Les blasph\u00e8mes, les spams, le trolling, la publicit\u00e9 commerciale et le langage grossier d\u00e9guis\u00e9 (par exemple, l&#8217;utilisation d&#8217;ast\u00e9risques) sont interdits.<\/p>\n\n\n\n<ol start=\"7\" class=\"wp-block-list\">\n<li><strong>Comportement agressif ou perturbateur<\/strong><\/li>\n<\/ol>\n\n\n\n<p>Les commentaires agressifs, r\u00e9p\u00e9titifs ou visant \u00e0 dicter notre contenu sont susceptibles d&#8217;\u00eatre supprim\u00e9s.<\/p>\n\n\n\n<ol start=\"8\" class=\"wp-block-list\">\n<li><strong>Pouvoir discr\u00e9tionnaire administrative<\/strong><\/li>\n<\/ol>\n\n\n\n<p>Nous nous r\u00e9servons le droit de supprimer des commentaires, de bloquer des comptes ou de d\u00e9sactiver des sections de commentaires, \u00e0 notre discr\u00e9tion.<\/p>\n\n\n\n<ol start=\"9\" class=\"wp-block-list\">\n<li><strong>Diff\u00e9rentes opinions bienvenues \u2014 avec courtoisie<\/strong><\/li>\n<\/ol>\n\n\n\n<p>Nous ne bloquons pas les personnes simplement parce qu&#8217;elles expriment un point de vue diff\u00e9rent. C&#8217;est le ton, la mani\u00e8re et le respect de l&#8217;interaction qui d\u00e9terminent les mesures \u00e0 prendre.<\/p>\n\n\n\n<p>Merci de nous aider \u00e0 maintenir un environnement convivial et constructif sur les r\u00e9seaux sociaux, pour tous.<\/p>\n","protected":false},"excerpt":{"rendered":"<p>Veuillez noter les principes suivants concernant la participation : Les membres de la MTS respectent un Code de d\u00e9ontologie dans [&hellip;]<\/p>\n","protected":false},"author":2,"featured_media":0,"parent":0,"menu_order":0,"comment_status":"closed","ping_status":"closed","template":"","meta":{"footnotes":""},"class_list":["post-2783","page","type-page","status-publish","hentry"],"_links":{"self":[{"href":"https:\/\/www.mbteach.org\/mtscms\/index.php\/wp-json\/wp\/v2\/pages\/2783","targetHints":{"allow":["GET"]}}],"collection":[{"href":"https:\/\/www.mbteach.org\/mtscms\/index.php\/wp-json\/wp\/v2\/pages"}],"about":[{"href":"https:\/\/www.mbteach.org\/mtscms\/index.php\/wp-json\/wp\/v2\/types\/page"}],"author":[{"embeddable":true,"href":"https:\/\/www.mbteach.org\/mtscms\/index.php\/wp-json\/wp\/v2\/users\/2"}],"replies":[{"embeddable":true,"href":"https:\/\/www.mbteach.org\/mtscms\/index.php\/wp-json\/wp\/v2\/comments?post=2783"}],"version-history":[{"count":3,"href":"https:\/\/www.mbteach.org\/mtscms\/index.php\/wp-json\/wp\/v2\/pages\/2783\/revisions"}],"predecessor-version":[{"id":2797,"href":"https:\/\/www.mbteach.org\/mtscms\/index.php\/wp-json\/wp\/v2\/pages\/2783\/revisions\/2797"}],"wp:attachment":[{"href":"https:\/\/www.mbteach.org\/mtscms\/index.php\/wp-json\/wp\/v2\/media?parent=2783"}],"curies":[{"name":"wp","href":"https:\/\/api.w.org\/{rel}","templated":true}]}}