{"id":2389,"date":"2025-07-22T11:07:17","date_gmt":"2025-07-22T17:07:17","guid":{"rendered":"https:\/\/www.mbteach.org\/mtscms\/?page_id=2389"},"modified":"2025-10-21T08:02:50","modified_gmt":"2025-10-21T14:02:50","slug":"beginning-teachers","status":"publish","type":"page","link":"https:\/\/www.mbteach.org\/mtscms\/index.php\/beginning-teachers\/","title":{"rendered":"Beginning Teachers"},"content":{"rendered":"\n<figure class=\"wp-block-image size-full\"><img loading=\"lazy\" decoding=\"async\" width=\"940\" height=\"640\" src=\"https:\/\/www.mbteach.org\/mtscms\/wp-content\/uploads\/2017\/01\/NewWebsite_Blog_Portfolio_Inside_BeginTeacher_2025.jpg\" alt=\"\" class=\"wp-image-894\" srcset=\"https:\/\/www.mbteach.org\/mtscms\/wp-content\/uploads\/2017\/01\/NewWebsite_Blog_Portfolio_Inside_BeginTeacher_2025.jpg 940w, https:\/\/www.mbteach.org\/mtscms\/wp-content\/uploads\/2017\/01\/NewWebsite_Blog_Portfolio_Inside_BeginTeacher_2025-300x204.jpg 300w, https:\/\/www.mbteach.org\/mtscms\/wp-content\/uploads\/2017\/01\/NewWebsite_Blog_Portfolio_Inside_BeginTeacher_2025-768x523.jpg 768w, https:\/\/www.mbteach.org\/mtscms\/wp-content\/uploads\/2017\/01\/NewWebsite_Blog_Portfolio_Inside_BeginTeacher_2025-600x409.jpg 600w\" sizes=\"auto, (max-width: 940px) 100vw, 940px\" \/><\/figure>\n\n\n\n<p><\/p>\n\n\n\n<p class=\"has-medium-font-size\" style=\"font-style:normal;font-weight:600\">First Years in the Teaching Profession<\/p>\n\n\n\n<p>The Manitoba Teachers\u2019 Society is working hard to look after your needs for professional development, teacher welfare services, health benefits, advocacy, and much more. We have 80 dedicated staff and an elected board of 13 members from across the province who are committed to teachers, teaching, and public education. Our dynamic website, MB Teacher publication and social media feeds provide information to assist not only your first crucial year of teaching, but throughout your career.<\/p>\n\n\n\n<p><strong><em><a href=\"https:\/\/www.mbteach.org\/mtscms\/wp-content\/uploads\/2025\/07\/MTS_Pres_ltr_ENG.pdf\" target=\"_blank\" rel=\"noreferrer noopener\">MTS President\u2019s Welcome Letter to Members English<\/a><\/em><\/strong><\/p>\n\n\n\n<p><strong><em><a href=\"https:\/\/www.mbteach.org\/mtscms\/wp-content\/uploads\/2025\/07\/MTS_Pres_ltr_FRE.pdf\" target=\"_blank\" rel=\"noreferrer noopener\">MTS President\u2019s Welcome Letter to Members French<\/a><\/em><\/strong><\/p>\n\n\n\n<p><strong><em><a href=\"https:\/\/www.mbteach.org\/mtscms\/wp-content\/uploads\/2025\/10\/EFM_PresidentLetter_25_26.pdf\" target=\"_blank\" rel=\"noreferrer noopener\">\u00c9FM President\u2019s Letter to Members<\/a><\/em><\/strong><\/p>\n\n\n\n<p>You can see a complete list of SAGEs with information about joining and fees on the <strong><em><a href=\"https:\/\/www.mbteach.org\/mtscms\/index.php\/special-area-groups-of-educators\/\" target=\"_blank\" rel=\"noreferrer noopener\">SAGE section of this website<\/a><\/em><\/strong>.<\/p>\n\n\n\n<p class=\"has-medium-font-size\" style=\"font-style:normal;font-weight:600\">Beginning Teacher Resources<\/p>\n\n\n\n<p>As you make key decisions this year about time, programming and energy, please use the following resources to help start your career off right.<\/p>\n\n\n\n<p>The Manitoba Teachers\u2019 Society Code of Professional Practice <strong><a href=\"https:\/\/www.mbteach.org\/mtscms\/index.php\/code-of-professional-practice\/\" target=\"_blank\" rel=\"noreferrer noopener\">ENG<\/a><\/strong> | <strong><a href=\"https:\/\/www.mbteach.org\/mtscms\/index.php\/code-of-professional-practice\/\" target=\"_blank\" rel=\"noreferrer noopener\">FRE<\/a><\/strong><\/p>\n\n\n\n<div class=\"wp-block-media-text is-stacked-on-mobile\" style=\"grid-template-columns:20% auto\"><figure class=\"wp-block-media-text__media\"><img loading=\"lazy\" decoding=\"async\" width=\"538\" height=\"538\" src=\"https:\/\/www.mbteach.org\/mtscms\/wp-content\/uploads\/2025\/07\/BeginningTeachersHbook_Cover.jpg\" alt=\"\" class=\"wp-image-2176 size-full\" srcset=\"https:\/\/www.mbteach.org\/mtscms\/wp-content\/uploads\/2025\/07\/BeginningTeachersHbook_Cover.jpg 538w, https:\/\/www.mbteach.org\/mtscms\/wp-content\/uploads\/2025\/07\/BeginningTeachersHbook_Cover-300x300.jpg 300w, https:\/\/www.mbteach.org\/mtscms\/wp-content\/uploads\/2025\/07\/BeginningTeachersHbook_Cover-150x150.jpg 150w, https:\/\/www.mbteach.org\/mtscms\/wp-content\/uploads\/2025\/07\/BeginningTeachersHbook_Cover-45x45.jpg 45w, https:\/\/www.mbteach.org\/mtscms\/wp-content\/uploads\/2025\/07\/BeginningTeachersHbook_Cover-100x100.jpg 100w\" sizes=\"auto, (max-width: 538px) 100vw, 538px\" \/><\/figure><div class=\"wp-block-media-text__content\">\n<p><strong>The Beginning Teachers\u2019 Handbook<\/strong><br><br>Welcome to Teaching <strong><a href=\"https:\/\/www.mbteach.org\/mtscms\/wp-content\/uploads\/2025\/07\/BeginningTeachersHbook_ENG_2025.pdf\" target=\"_blank\" rel=\"noreferrer noopener\">ENG<\/a><\/strong> | FRE<em> coming soon<\/em><\/p>\n\n\n\n<p><\/p>\n<\/div><\/div>\n\n\n\n<p><\/p>\n\n\n\n<div class=\"wp-block-media-text is-stacked-on-mobile\" style=\"grid-template-columns:20% auto\"><figure class=\"wp-block-media-text__media\"><img loading=\"lazy\" decoding=\"async\" width=\"377\" height=\"377\" src=\"https:\/\/www.mbteach.org\/mtscms\/wp-content\/uploads\/2025\/07\/SAGE_PolicyHandbook_cover.jpg\" alt=\"\" class=\"wp-image-2189 size-full\" srcset=\"https:\/\/www.mbteach.org\/mtscms\/wp-content\/uploads\/2025\/07\/SAGE_PolicyHandbook_cover.jpg 377w, https:\/\/www.mbteach.org\/mtscms\/wp-content\/uploads\/2025\/07\/SAGE_PolicyHandbook_cover-300x300.jpg 300w, https:\/\/www.mbteach.org\/mtscms\/wp-content\/uploads\/2025\/07\/SAGE_PolicyHandbook_cover-150x150.jpg 150w, https:\/\/www.mbteach.org\/mtscms\/wp-content\/uploads\/2025\/07\/SAGE_PolicyHandbook_cover-45x45.jpg 45w, https:\/\/www.mbteach.org\/mtscms\/wp-content\/uploads\/2025\/07\/SAGE_PolicyHandbook_cover-100x100.jpg 100w\" sizes=\"auto, (max-width: 377px) 100vw, 377px\" \/><\/figure><div class=\"wp-block-media-text__content\">\n<p><strong>Special Area Groups of Educators<\/strong><br><br><strong><em><a href=\"https:\/\/www.mbteach.org\/mtscms\/wp-content\/uploads\/2025\/07\/SAGE_PolicyHandbook.pdf\" target=\"_blank\" rel=\"noreferrer noopener\">SAGE Information Booklet 2025-2026<\/a><\/em><\/strong><\/p>\n\n\n\n<p><\/p>\n<\/div><\/div>\n\n\n\n<p><\/p>\n\n\n\n<div class=\"wp-block-media-text is-stacked-on-mobile\" style=\"grid-template-columns:20% auto\"><figure class=\"wp-block-media-text__media\"><img loading=\"lazy\" decoding=\"async\" width=\"264\" height=\"264\" src=\"https:\/\/www.mbteach.org\/mtscms\/wp-content\/uploads\/2025\/07\/TeachersContractual_RightsRespon_cover.jpg\" alt=\"\" class=\"wp-image-2188 size-full\" srcset=\"https:\/\/www.mbteach.org\/mtscms\/wp-content\/uploads\/2025\/07\/TeachersContractual_RightsRespon_cover.jpg 264w, https:\/\/www.mbteach.org\/mtscms\/wp-content\/uploads\/2025\/07\/TeachersContractual_RightsRespon_cover-150x150.jpg 150w, https:\/\/www.mbteach.org\/mtscms\/wp-content\/uploads\/2025\/07\/TeachersContractual_RightsRespon_cover-45x45.jpg 45w, https:\/\/www.mbteach.org\/mtscms\/wp-content\/uploads\/2025\/07\/TeachersContractual_RightsRespon_cover-100x100.jpg 100w\" sizes=\"auto, (max-width: 264px) 100vw, 264px\" \/><\/figure><div class=\"wp-block-media-text__content\">\n<p><strong>Teachers\u2019 Contractual Rights and Responsibilities<\/strong><br><br>Rights and Responsibilities Brochure&nbsp;<strong><a href=\"https:\/\/www.mbteach.org\/mtscms\/wp-content\/uploads\/2025\/07\/MTS_TeachersContractual_RightsResponsibilities.pdf\" target=\"_blank\" rel=\"noreferrer noopener\">ENG<\/a><\/strong>&nbsp;|&nbsp;<strong><a href=\"https:\/\/www.mbteach.org\/mtscms\/wp-content\/uploads\/2025\/07\/MTS_TeachersContractual_RightsResponsibilities_FRE.pdf\" target=\"_blank\" rel=\"noreferrer noopener\">FRE<\/a><\/strong><\/p>\n\n\n\n<p><\/p>\n<\/div><\/div>\n\n\n\n<p><\/p>\n\n\n\n<div class=\"wp-block-media-text is-stacked-on-mobile\" style=\"grid-template-columns:20% auto\"><figure class=\"wp-block-media-text__media\"><img loading=\"lazy\" decoding=\"async\" width=\"231\" height=\"231\" src=\"https:\/\/www.mbteach.org\/mtscms\/wp-content\/uploads\/2025\/07\/B_Complaint_cover.jpg\" alt=\"\" class=\"wp-image-2191 size-full\" srcset=\"https:\/\/www.mbteach.org\/mtscms\/wp-content\/uploads\/2025\/07\/B_Complaint_cover.jpg 231w, https:\/\/www.mbteach.org\/mtscms\/wp-content\/uploads\/2025\/07\/B_Complaint_cover-150x150.jpg 150w, https:\/\/www.mbteach.org\/mtscms\/wp-content\/uploads\/2025\/07\/B_Complaint_cover-45x45.jpg 45w, https:\/\/www.mbteach.org\/mtscms\/wp-content\/uploads\/2025\/07\/B_Complaint_cover-100x100.jpg 100w\" sizes=\"auto, (max-width: 231px) 100vw, 231px\" \/><\/figure><div class=\"wp-block-media-text__content\">\n<p><strong>If You Have a Complaint About a Teacher or Administrator<\/strong><br><br>If You Have a Complaint Brochure&nbsp;<strong><a href=\"https:\/\/www.mbteach.org\/mtscms\/wp-content\/uploads\/2025\/07\/B_Complaint.pdf\" target=\"_blank\" rel=\"noreferrer noopener\">ENG<\/a><\/strong>&nbsp;|&nbsp;<strong><a href=\"https:\/\/www.mbteach.org\/mtscms\/wp-content\/uploads\/2025\/07\/BF_Complaint.pdf\" target=\"_blank\" rel=\"noreferrer noopener\">FRE<\/a><\/strong><\/p>\n\n\n\n<p><\/p>\n<\/div><\/div>\n\n\n\n<p><\/p>\n\n\n\n<div class=\"wp-block-media-text is-stacked-on-mobile\" style=\"grid-template-columns:20% auto\"><figure class=\"wp-block-media-text__media\"><img loading=\"lazy\" decoding=\"async\" width=\"263\" height=\"263\" src=\"https:\/\/www.mbteach.org\/mtscms\/wp-content\/uploads\/2025\/07\/OnlineSafety_cover.jpg\" alt=\"\" class=\"wp-image-2187 size-full\" srcset=\"https:\/\/www.mbteach.org\/mtscms\/wp-content\/uploads\/2025\/07\/OnlineSafety_cover.jpg 263w, https:\/\/www.mbteach.org\/mtscms\/wp-content\/uploads\/2025\/07\/OnlineSafety_cover-150x150.jpg 150w, https:\/\/www.mbteach.org\/mtscms\/wp-content\/uploads\/2025\/07\/OnlineSafety_cover-45x45.jpg 45w, https:\/\/www.mbteach.org\/mtscms\/wp-content\/uploads\/2025\/07\/OnlineSafety_cover-100x100.jpg 100w\" sizes=\"auto, (max-width: 263px) 100vw, 263px\" \/><\/figure><div class=\"wp-block-media-text__content\">\n<p><strong>Online Safety&nbsp;for Teachers<\/strong><br><br>Online Safety for Teachers Brochure&nbsp;<strong><a href=\"https:\/\/www.mbteach.org\/mtscms\/wp-content\/uploads\/2025\/07\/MTS_OnlineSafety.pdf\" target=\"_blank\" rel=\"noreferrer noopener\">ENG<\/a><\/strong>&nbsp;|&nbsp;<strong><a href=\"https:\/\/www.mbteach.org\/mtscms\/wp-content\/uploads\/2025\/07\/MTS_OnlineSafety_FRE.pdf\" target=\"_blank\" rel=\"noreferrer noopener\">FRE<\/a><\/strong><\/p>\n\n\n\n<p><\/p>\n<\/div><\/div>\n\n\n\n<p><\/p>\n\n\n\n<div class=\"wp-block-media-text is-stacked-on-mobile\" style=\"grid-template-columns:20% auto\"><figure class=\"wp-block-media-text__media\"><img loading=\"lazy\" decoding=\"async\" width=\"265\" height=\"265\" src=\"https:\/\/www.mbteach.org\/mtscms\/wp-content\/uploads\/2025\/07\/Violent_Incident_cover.jpg\" alt=\"\" class=\"wp-image-2186 size-full\" srcset=\"https:\/\/www.mbteach.org\/mtscms\/wp-content\/uploads\/2025\/07\/Violent_Incident_cover.jpg 265w, https:\/\/www.mbteach.org\/mtscms\/wp-content\/uploads\/2025\/07\/Violent_Incident_cover-150x150.jpg 150w, https:\/\/www.mbteach.org\/mtscms\/wp-content\/uploads\/2025\/07\/Violent_Incident_cover-45x45.jpg 45w, https:\/\/www.mbteach.org\/mtscms\/wp-content\/uploads\/2025\/07\/Violent_Incident_cover-100x100.jpg 100w\" sizes=\"auto, (max-width: 265px) 100vw, 265px\" \/><\/figure><div class=\"wp-block-media-text__content\">\n<p><strong>Reporting Violent Incidents in Schools &amp; Violent Incident Investigations<\/strong><br><br>Reporting Violent Incidents Brochure&nbsp;<strong><a href=\"https:\/\/www.mbteach.org\/mtscms\/wp-content\/uploads\/2025\/07\/MTS_Violent_Incident_ENG.pdf\" target=\"_blank\" rel=\"noreferrer noopener\">ENG<\/a><\/strong>&nbsp;|&nbsp;<strong><a href=\"https:\/\/www.mbteach.org\/mtscms\/wp-content\/uploads\/2025\/07\/MTS_Violent_Incident_FRE.pdf\" target=\"_blank\" rel=\"noreferrer noopener\">FRE<\/a><\/strong><\/p>\n\n\n\n<p>Violent Incidents Investigations&nbsp;<strong><a href=\"https:\/\/www.mbteach.org\/mtscms\/wp-content\/uploads\/2025\/07\/ViolentIncidentInvestigationsBrochure-ENG.pdf\" target=\"_blank\" rel=\"noreferrer noopener\">ENG<\/a><\/strong>&nbsp;|&nbsp;<strong><a href=\"https:\/\/www.mbteach.org\/mtscms\/wp-content\/uploads\/2025\/07\/EnquetedincidentsviolentsFRE.pdf\" target=\"_blank\" rel=\"noreferrer noopener\">FRE<\/a><\/strong><\/p>\n\n\n\n<p><\/p>\n<\/div><\/div>\n\n\n\n<p><\/p>\n\n\n\n<div class=\"wp-block-media-text is-stacked-on-mobile\" style=\"grid-template-columns:20% auto\"><figure class=\"wp-block-media-text__media\"><img loading=\"lazy\" decoding=\"async\" width=\"359\" height=\"359\" src=\"https:\/\/www.mbteach.org\/mtscms\/wp-content\/uploads\/2025\/07\/TandEA_Manual_cover.jpg\" alt=\"\" class=\"wp-image-2190 size-full\" srcset=\"https:\/\/www.mbteach.org\/mtscms\/wp-content\/uploads\/2025\/07\/TandEA_Manual_cover.jpg 359w, https:\/\/www.mbteach.org\/mtscms\/wp-content\/uploads\/2025\/07\/TandEA_Manual_cover-300x300.jpg 300w, https:\/\/www.mbteach.org\/mtscms\/wp-content\/uploads\/2025\/07\/TandEA_Manual_cover-150x150.jpg 150w, https:\/\/www.mbteach.org\/mtscms\/wp-content\/uploads\/2025\/07\/TandEA_Manual_cover-45x45.jpg 45w, https:\/\/www.mbteach.org\/mtscms\/wp-content\/uploads\/2025\/07\/TandEA_Manual_cover-100x100.jpg 100w\" sizes=\"auto, (max-width: 359px) 100vw, 359px\" \/><\/figure><div class=\"wp-block-media-text__content\">\n<p><strong>Teachers &amp; Educational Assistants: Roles and Responsibilities<\/strong><br><br>Roles and Responsibilities Brochure&nbsp;<strong><a href=\"https:\/\/www.mbteach.org\/mtscms\/wp-content\/uploads\/2025\/07\/MTS_TandEA_Manual.pdf\" target=\"_blank\" rel=\"noreferrer noopener\">ENG<\/a><\/strong>&nbsp;|&nbsp;<strong><a href=\"https:\/\/www.mbteach.org\/mtscms\/wp-content\/uploads\/2025\/07\/MTS_TandEA_Manual_FRE.pdf\" target=\"_blank\" rel=\"noreferrer noopener\">FRE<\/a><\/strong><\/p>\n\n\n\n<p><\/p>\n<\/div><\/div>\n\n\n\n<p><\/p>\n\n\n\n<div class=\"wp-block-media-text is-stacked-on-mobile\" style=\"grid-template-columns:20% auto\"><figure class=\"wp-block-media-text__media\"><img loading=\"lazy\" decoding=\"async\" width=\"1024\" height=\"950\" src=\"https:\/\/www.mbteach.org\/mtscms\/wp-content\/uploads\/2025\/07\/Fab5_2025_new-1024x950.jpg\" alt=\"\" class=\"wp-image-2257 size-full\" srcset=\"https:\/\/www.mbteach.org\/mtscms\/wp-content\/uploads\/2025\/07\/Fab5_2025_new-1024x950.jpg 1024w, https:\/\/www.mbteach.org\/mtscms\/wp-content\/uploads\/2025\/07\/Fab5_2025_new-300x278.jpg 300w, https:\/\/www.mbteach.org\/mtscms\/wp-content\/uploads\/2025\/07\/Fab5_2025_new-768x713.jpg 768w, https:\/\/www.mbteach.org\/mtscms\/wp-content\/uploads\/2025\/07\/Fab5_2025_new-600x557.jpg 600w, https:\/\/www.mbteach.org\/mtscms\/wp-content\/uploads\/2025\/07\/Fab5_2025_new.jpg 1080w\" sizes=\"auto, (max-width: 1024px) 100vw, 1024px\" \/><\/figure><div class=\"wp-block-media-text__content\">\n<p><strong>The Fab 5 Beginning Teachers\u2019 Conference<\/strong><br><br><strong><em><a href=\"https:\/\/memberlink.mbteach.org\/Event.axd?e=2938\" target=\"_blank\" rel=\"noreferrer noopener\">Register for Fab 5<\/a><\/em><\/strong><\/p>\n\n\n\n<p>Fab 5 Program 2025 <em>coming soon<\/em><\/p>\n\n\n\n<p><\/p>\n<\/div><\/div>\n\n\n\n<p><\/p>\n\n\n\n<div class=\"wp-block-media-text is-stacked-on-mobile\" style=\"grid-template-columns:20% auto\"><figure class=\"wp-block-media-text__media\"><img loading=\"lazy\" decoding=\"async\" width=\"428\" height=\"428\" src=\"https:\/\/www.mbteach.org\/mtscms\/wp-content\/uploads\/2025\/07\/EFM_Celeb5_cover.jpg\" alt=\"\" class=\"wp-image-2200 size-full\" srcset=\"https:\/\/www.mbteach.org\/mtscms\/wp-content\/uploads\/2025\/07\/EFM_Celeb5_cover.jpg 428w, https:\/\/www.mbteach.org\/mtscms\/wp-content\/uploads\/2025\/07\/EFM_Celeb5_cover-300x300.jpg 300w, https:\/\/www.mbteach.org\/mtscms\/wp-content\/uploads\/2025\/07\/EFM_Celeb5_cover-150x150.jpg 150w, https:\/\/www.mbteach.org\/mtscms\/wp-content\/uploads\/2025\/07\/EFM_Celeb5_cover-45x45.jpg 45w, https:\/\/www.mbteach.org\/mtscms\/wp-content\/uploads\/2025\/07\/EFM_Celeb5_cover-100x100.jpg 100w\" sizes=\"auto, (max-width: 428px) 100vw, 428px\" \/><\/figure><div class=\"wp-block-media-text__content\">\n<p><strong>C\u00e9leb 5<\/strong><br><br>Incrivez-vous pour C\u00e9leb 5<em>&nbsp;\u00e0 venir<\/em><\/p>\n\n\n\n<p>Programme 2025 <em>\u00e0 venir<\/em><\/p>\n\n\n\n<p><\/p>\n<\/div><\/div>\n\n\n\n<p><\/p>\n\n\n\n<div class=\"wp-block-media-text is-stacked-on-mobile\" style=\"grid-template-columns:20% auto\"><figure class=\"wp-block-media-text__media\"><img loading=\"lazy\" decoding=\"async\" width=\"1024\" height=\"950\" src=\"https:\/\/www.mbteach.org\/mtscms\/wp-content\/uploads\/2025\/07\/ProgrammeJumelage_2025-1024x950.jpg\" alt=\"\" class=\"wp-image-2399 size-full\" srcset=\"https:\/\/www.mbteach.org\/mtscms\/wp-content\/uploads\/2025\/07\/ProgrammeJumelage_2025-1024x950.jpg 1024w, https:\/\/www.mbteach.org\/mtscms\/wp-content\/uploads\/2025\/07\/ProgrammeJumelage_2025-300x278.jpg 300w, https:\/\/www.mbteach.org\/mtscms\/wp-content\/uploads\/2025\/07\/ProgrammeJumelage_2025-768x713.jpg 768w, https:\/\/www.mbteach.org\/mtscms\/wp-content\/uploads\/2025\/07\/ProgrammeJumelage_2025-600x557.jpg 600w, https:\/\/www.mbteach.org\/mtscms\/wp-content\/uploads\/2025\/07\/ProgrammeJumelage_2025.jpg 1080w\" sizes=\"auto, (max-width: 1024px) 100vw, 1024px\" \/><\/figure><div class=\"wp-block-media-text__content\">\n<p><strong>Programme de jumelage<\/strong><br><br>Programme 2025-2026 <em>\u00e0 venir<\/em><\/p>\n\n\n\n<p><\/p>\n<\/div><\/div>\n\n\n\n<p><\/p>\n\n\n\n<div class=\"wp-block-media-text is-stacked-on-mobile\" style=\"grid-template-columns:20% auto\"><figure class=\"wp-block-media-text__media\"><img loading=\"lazy\" decoding=\"async\" width=\"1024\" height=\"950\" src=\"https:\/\/www.mbteach.org\/mtscms\/wp-content\/uploads\/2025\/07\/ProgrammeCulturels_2025-1024x950.jpg\" alt=\"\" class=\"wp-image-2398 size-full\" srcset=\"https:\/\/www.mbteach.org\/mtscms\/wp-content\/uploads\/2025\/07\/ProgrammeCulturels_2025-1024x950.jpg 1024w, https:\/\/www.mbteach.org\/mtscms\/wp-content\/uploads\/2025\/07\/ProgrammeCulturels_2025-300x278.jpg 300w, https:\/\/www.mbteach.org\/mtscms\/wp-content\/uploads\/2025\/07\/ProgrammeCulturels_2025-768x713.jpg 768w, https:\/\/www.mbteach.org\/mtscms\/wp-content\/uploads\/2025\/07\/ProgrammeCulturels_2025-600x557.jpg 600w, https:\/\/www.mbteach.org\/mtscms\/wp-content\/uploads\/2025\/07\/ProgrammeCulturels_2025.jpg 1080w\" sizes=\"auto, (max-width: 1024px) 100vw, 1024px\" \/><\/figure><div class=\"wp-block-media-text__content\">\n<p><strong>Programme d\u2019echanges culturels<\/strong><br><br>Inscrire au Programme d\u2019\u00e9changes culturels des \u00c9FM 2025-2026 <em>\u00e0 venir<\/em><\/p>\n\n\n\n<p><\/p>\n<\/div><\/div>\n\n\n\n<p><\/p>\n\n\n\n<div class=\"wp-block-media-text is-stacked-on-mobile\" style=\"grid-template-columns:20% auto\"><figure class=\"wp-block-media-text__media\"><img loading=\"lazy\" decoding=\"async\" width=\"1024\" height=\"950\" src=\"https:\/\/www.mbteach.org\/mtscms\/wp-content\/uploads\/2025\/07\/EFMwebsite_2025-1024x950.jpg\" alt=\"\" class=\"wp-image-2397 size-full\" srcset=\"https:\/\/www.mbteach.org\/mtscms\/wp-content\/uploads\/2025\/07\/EFMwebsite_2025-1024x950.jpg 1024w, https:\/\/www.mbteach.org\/mtscms\/wp-content\/uploads\/2025\/07\/EFMwebsite_2025-300x278.jpg 300w, https:\/\/www.mbteach.org\/mtscms\/wp-content\/uploads\/2025\/07\/EFMwebsite_2025-768x713.jpg 768w, https:\/\/www.mbteach.org\/mtscms\/wp-content\/uploads\/2025\/07\/EFMwebsite_2025-600x557.jpg 600w, https:\/\/www.mbteach.org\/mtscms\/wp-content\/uploads\/2025\/07\/EFMwebsite_2025.jpg 1080w\" sizes=\"auto, (max-width: 1024px) 100vw, 1024px\" \/><\/figure><div class=\"wp-block-media-text__content\">\n<p><strong>French Resources<\/strong><br><br>Trouvez des ressources sur le site web des \u00c9FM <em>\u00e0 venir<\/em><\/p>\n\n\n\n<p><\/p>\n<\/div><\/div>\n\n\n\n<p><\/p>\n","protected":false},"excerpt":{"rendered":"<p>First Years in the Teaching Profession The Manitoba Teachers\u2019 Society is working hard to look after your needs for professional [&hellip;]<\/p>\n","protected":false},"author":2,"featured_media":0,"parent":0,"menu_order":0,"comment_status":"closed","ping_status":"closed","template":"","meta":{"footnotes":""},"class_list":["post-2389","page","type-page","status-publish","hentry"],"_links":{"self":[{"href":"https:\/\/www.mbteach.org\/mtscms\/index.php\/wp-json\/wp\/v2\/pages\/2389","targetHints":{"allow":["GET"]}}],"collection":[{"href":"https:\/\/www.mbteach.org\/mtscms\/index.php\/wp-json\/wp\/v2\/pages"}],"about":[{"href":"https:\/\/www.mbteach.org\/mtscms\/index.php\/wp-json\/wp\/v2\/types\/page"}],"author":[{"embeddable":true,"href":"https:\/\/www.mbteach.org\/mtscms\/index.php\/wp-json\/wp\/v2\/users\/2"}],"replies":[{"embeddable":true,"href":"https:\/\/www.mbteach.org\/mtscms\/index.php\/wp-json\/wp\/v2\/comments?post=2389"}],"version-history":[{"count":29,"href":"https:\/\/www.mbteach.org\/mtscms\/index.php\/wp-json\/wp\/v2\/pages\/2389\/revisions"}],"predecessor-version":[{"id":3768,"href":"https:\/\/www.mbteach.org\/mtscms\/index.php\/wp-json\/wp\/v2\/pages\/2389\/revisions\/3768"}],"wp:attachment":[{"href":"https:\/\/www.mbteach.org\/mtscms\/index.php\/wp-json\/wp\/v2\/media?parent=2389"}],"curies":[{"name":"wp","href":"https:\/\/api.w.org\/{rel}","templated":true}]}}