{"id":1283,"date":"2025-06-10T13:48:28","date_gmt":"2025-06-10T19:48:28","guid":{"rendered":"https:\/\/www.mbteach.org\/mtscms\/?page_id=1283"},"modified":"2026-03-16T08:16:11","modified_gmt":"2026-03-16T14:16:11","slug":"local-teachers-associations","status":"publish","type":"page","link":"https:\/\/www.mbteach.org\/mtscms\/index.php\/local-teachers-associations\/","title":{"rendered":"Local Teachers\u2019 Associations"},"content":{"rendered":"\n<figure class=\"wp-block-table\"><table class=\"has-fixed-layout\"><tbody><tr><td><strong>Association<\/strong><\/td><td><strong>President<\/strong><\/td><\/tr><tr><td><strong><a href=\"https:\/\/aefm-mts.ca\/\" target=\"_blank\" rel=\"noreferrer noopener\">Association des \u00e9ducatrices et \u00e9ducateurs franco-manitobains<\/a><\/strong><\/td><td>Desir\u00e9e Pappel<\/td><\/tr><tr><td><strong><a href=\"https:\/\/bpta.weebly.com\/\" target=\"_blank\" rel=\"noreferrer noopener\">Beautiful Plains Teachers\u2019 Association<\/a><\/strong><\/td><td>Allen Hanke<\/td><\/tr><tr><td>Border Land Teachers\u2019 Association<\/td><td>Rob Stradeski<\/td><\/tr><tr><td><strong><a href=\"https:\/\/www.btateach.com\/\" target=\"_blank\" rel=\"noreferrer noopener\">Brandon Teachers\u2019 Association<\/a><\/strong><\/td><td>Sandra Thompson<\/td><\/tr><tr><td><strong><a href=\"https:\/\/evergreenteachersassociation.my.canva.site\/eta-homepage-website\/\" target=\"_blank\" rel=\"noreferrer noopener\">Evergreen Teachers\u2019 Association<\/a><\/strong><\/td><td>Jay Ewert<\/td><\/tr><tr><td>Flin Flon Teachers\u2019 Association<\/td><td>Bobbi Willetts<\/td><\/tr><tr><td>Fort la Bosse Teachers\u2019 Association<\/td><td>Ceri Johnson<\/td><\/tr><tr><td>Frontier Teachers\u2019 Association<\/td><td>Natalie Majcher<\/td><\/tr><tr><td><strong><a href=\"https:\/\/gvteach.org\/\" target=\"_blank\" rel=\"noreferrer noopener\">Garden Valley Teachers\u2019 Association<\/a><\/strong><\/td><td>Mike Urichuk<\/td><\/tr><tr><td><strong><a href=\"https:\/\/www.hanoverteachers.com\/\" target=\"_blank\" rel=\"noreferrer noopener\">Hanover Teachers\u2019 Association<\/a><\/strong><\/td><td>Kevin Martens<\/td><\/tr><tr><td><strong><a href=\"https:\/\/www.interlaketeachers.ca\/\" target=\"_blank\" rel=\"noreferrer noopener\">Interlake Teachers\u2019 Association<\/a><\/strong><\/td><td>Cathy Pleskach<\/td><\/tr><tr><td><strong><a href=\"https:\/\/kelseyteachers.blogspot.com\/\" target=\"_blank\" rel=\"noreferrer noopener\">Kelsey Teachers\u2019 Association<\/a><\/strong><\/td><td>Valerie Berscheid<\/td><\/tr><tr><td>Lakeshore Teachers\u2019 Association<\/td><td>Andrew McPherson<\/td><\/tr><tr><td><strong><a href=\"https:\/\/www.mylsta.ca\/\" target=\"_blank\" rel=\"noreferrer noopener\">Lord Selkirk Teachers\u2019 Association<\/a><\/strong><\/td><td>Jamie Shuhyta<\/td><\/tr><tr><td><strong><a href=\"https:\/\/www.lrta.ca\/\" target=\"_blank\" rel=\"noreferrer noopener\">Louis Riel Teachers\u2019 Association<\/a><\/strong><\/td><td>Jay McGurran<\/td><\/tr><tr><td>Manitoba Institute of Trades and Technology Teachers\u2019 Association<\/td><td>Scott Grant<\/td><\/tr><tr><td><strong><a href=\"https:\/\/mountainviewteachersassociation.weebly.com\/\" target=\"_blank\" rel=\"noreferrer noopener\">Mountain View Teachers\u2019 Association<\/a><\/strong><\/td><td>Chance Henderson<\/td><\/tr><tr><td>Nelson House Teachers\u2019 Association<\/td><td>Nathanial Zwinkels<\/td><\/tr><tr><td>Park West Teachers\u2019 Association<\/td><td>Adam Grabowski<\/td><\/tr><tr><td><strong><a href=\"https:\/\/www.ptta.ca\/\" target=\"_blank\" rel=\"noreferrer noopener\">Pembina Trails Teachers\u2019 Association<\/a><\/strong><\/td><td>Lise Legal<\/td><\/tr><tr><td><strong><a href=\"https:\/\/pinecreekta.weebly.com\/\">Pine Creek Teachers\u2019 Association<\/a><\/strong><\/td><td>Nicole Lehmann<\/td><\/tr><tr><td><strong><a href=\"https:\/\/www.portageteachers.com\/\" target=\"_blank\" rel=\"noreferrer noopener\">Portage la Prairie Teachers\u2019 Association<\/a><\/strong><\/td><td>Albert Krynski<\/td><\/tr><tr><td>Prairie Rose Teachers\u2019 Association<\/td><td>Melissa Benner<\/td><\/tr><tr><td><a href=\"https:\/\/psteach.ca\/\" data-type=\"link\" data-id=\"https:\/\/psteach.ca\/\"><strong>Prairie Spirit Teachers\u2019 Association<\/strong><\/a><\/td><td>Shawn Madak<\/td><\/tr><tr><td>Red River Valley Teachers\u2019 Association<\/td><td>Jody Berard<\/td><\/tr><tr><td><strong><a href=\"https:\/\/retta.ca\/\" target=\"_blank\" rel=\"noreferrer noopener\">River East Transcona Teachers\u2019 Association<\/a><\/strong><\/td><td>Erin Bergeron<\/td><\/tr><tr><td><strong><a href=\"https:\/\/www.rollingriverteachers.com\/\" target=\"_blank\" rel=\"noreferrer noopener\">Rolling River Teachers\u2019 Association<\/a><\/strong><\/td><td>Thomas Mathews<\/td><\/tr><tr><td>Sandy Bay Teachers\u2019 Association<\/td><td>Phillip Lapointe<\/td><\/tr><tr><td>Sandy Bay Teachers\u2019 Association<\/td><td>Carla Starr<\/td><\/tr><tr><td><strong><a href=\"https:\/\/www.srta.ca\/\" target=\"_blank\" rel=\"noreferrer noopener\">Seine River Teachers\u2019 Association<\/a><\/strong><\/td><td>Jonathan Waite<\/td><\/tr><tr><td><strong><a href=\"http:\/\/www.sotamb.org\/\" target=\"_blank\" rel=\"noreferrer noopener\">Seven Oaks Teachers\u2019 Association<\/a><\/strong><\/td><td>Jeff Cieszecki<\/td><\/tr><tr><td>Southwest Horizon Teachers\u2019 Association<\/td><td>Cory Feschuk<\/td><\/tr><tr><td><strong><a href=\"https:\/\/sites.google.com\/view\/stjata1\/home\" target=\"_blank\" rel=\"noreferrer noopener\">St. James-Assiniboia Teachers\u2019 Association<\/a><\/strong><\/td><td>Kent McPherson<\/td><\/tr><tr><td><strong><a href=\"https:\/\/sunriseteachers.weebly.com\/\" target=\"_blank\" rel=\"noreferrer noopener\">Sunrise Teachers\u2019 Association<\/a><\/strong><\/td><td>Serena Klos<\/td><\/tr><tr><td><strong><a href=\"https:\/\/svta.ca\/\" target=\"_blank\" rel=\"noreferrer noopener\">Swan Valley Teachers\u2019 Association<\/a><\/strong><\/td><td>Nicole Bobick<\/td><\/tr><tr><td>Thompson Teachers\u2019 Association<\/td><td>Shaun Kennedy<\/td><\/tr><tr><td>Turtle Mountain Teachers\u2019 Association<\/td><td>Darren Knight<\/td><\/tr><tr><td>Turtle River Teachers\u2019 Association<\/td><td>Kristina Hearn Pearson<\/td><\/tr><tr><td>Western Teachers\u2019 Association<\/td><td>Reid Sloan<\/td><\/tr><tr><td>Whiteshell Teachers\u2019 Association<\/td><td>Krysten Leroux<\/td><\/tr><tr><td><strong><a href=\"https:\/\/www.wta.mb.ca\/\" target=\"_blank\" rel=\"noreferrer noopener\">Winnipeg Teachers\u2019 Association<\/a><\/strong><\/td><td>Kristen Fallis<\/td><\/tr><\/tbody><\/table><\/figure>\n\n\n\n<p><\/p>\n","protected":false},"excerpt":{"rendered":"<p>Association President Association des \u00e9ducatrices et \u00e9ducateurs franco-manitobains Desir\u00e9e Pappel Beautiful Plains Teachers\u2019 Association Allen Hanke Border Land Teachers\u2019 Association [&hellip;]<\/p>\n","protected":false},"author":2,"featured_media":0,"parent":0,"menu_order":0,"comment_status":"closed","ping_status":"closed","template":"","meta":{"footnotes":""},"class_list":["post-1283","page","type-page","status-publish","hentry"],"_links":{"self":[{"href":"https:\/\/www.mbteach.org\/mtscms\/index.php\/wp-json\/wp\/v2\/pages\/1283","targetHints":{"allow":["GET"]}}],"collection":[{"href":"https:\/\/www.mbteach.org\/mtscms\/index.php\/wp-json\/wp\/v2\/pages"}],"about":[{"href":"https:\/\/www.mbteach.org\/mtscms\/index.php\/wp-json\/wp\/v2\/types\/page"}],"author":[{"embeddable":true,"href":"https:\/\/www.mbteach.org\/mtscms\/index.php\/wp-json\/wp\/v2\/users\/2"}],"replies":[{"embeddable":true,"href":"https:\/\/www.mbteach.org\/mtscms\/index.php\/wp-json\/wp\/v2\/comments?post=1283"}],"version-history":[{"count":11,"href":"https:\/\/www.mbteach.org\/mtscms\/index.php\/wp-json\/wp\/v2\/pages\/1283\/revisions"}],"predecessor-version":[{"id":3793,"href":"https:\/\/www.mbteach.org\/mtscms\/index.php\/wp-json\/wp\/v2\/pages\/1283\/revisions\/3793"}],"wp:attachment":[{"href":"https:\/\/www.mbteach.org\/mtscms\/index.php\/wp-json\/wp\/v2\/media?parent=1283"}],"curies":[{"name":"wp","href":"https:\/\/api.w.org\/{rel}","templated":true}]}}